{"id":5995,"date":"2023-04-27T16:34:45","date_gmt":"2023-04-27T08:34:45","guid":{"rendered":"https:\/\/www.metalcutmachine.com\/?post_type=product&#038;p=5995"},"modified":"2023-08-22T15:23:36","modified_gmt":"2023-08-22T07:23:36","slug":"portable-gantry-plasma-cutting-machine","status":"publish","type":"product","link":"https:\/\/www.metalcutmachine.com\/es\/product\/portable-gantry-plasma-cutting-machine\/","title":{"rendered":"M\u00e1quina de corte por plasma de p\u00f3rtico port\u00e1til"},"content":{"rendered":"<h2><span style=\"color: #ffcc00;\">Portable Gantry Plasma Cutting Machine Product introduction<\/span><\/h2>\n<p>Portable Gantry Plasma Cutting Machine is a new and upgraded version of the <a href=\"https:\/\/www.metalcutmachine.com\/es\/product\/portable-plasma-cutter-machine\/\">portable bee cutting machine<\/a>, using a special standard aluminum alloy profile, both portable and the advantages of gantry, easy to install and move, cutting wider, smaller footprint. Adopt the whole ground rail type track structure, bilateral drive, more convenient and accurate installation than gantry machine, more stable than portable operation. The operation speed is fast, the noise is small, the precision is high. Standard models come with a remote control for easy remote operation.<\/p>\n<h2><span style=\"color: #ffcc00;\">Portable Gantry Plasma Cutting Machine Product details<\/span><\/h2>\n<h3><span style=\"color: #ffcc00;\">Set the diamond high<\/span><\/h3>\n<p>Can manually complete the rise and fall, initial positioning, arc test and other functions, induction arc pressure size, automatic adjustment of the gun head and the plate spacing, to ensure the cutting effect, to prevent the plate uneven collision gun.<\/p>\n<h3><span style=\"color: #ffcc00;\">Built-in graphics<\/span><\/h3>\n<p>The system comes with 53 conventional graphics, each graphics can be arbitrarily edited, size and required quantity, can be a common side arrangement.<\/p>\n<h3><span style=\"color: #ffcc00;\">All-aluminum base<\/span><\/h3>\n<p>Chassis upgrade to all aluminum alloy integrated molding, more reasonable structure, more reliable strength, higher machining accuracy, 4 groups of increased V-shaped bearings, so that the operation is more stable.<\/p>\n<h3><span style=\"color: #ffcc00;\">Dual-purpose interface<\/span><\/h3>\n<p>Flame plasma dual-purpose cutting switch interface, clearly marked, faster connection operation.<\/p>\n<h3><span style=\"color: #ffcc00;\">Brand power supply<\/span><\/h3>\n<p>The use of domestic one-line brand high-power switching power supply, super stable performance, to ensure the continuous operation of the machine.<\/p>\n<h3><span style=\"color: #ffcc00;\">All-aluminum base<\/span><\/h3>\n<p>Chassis upgrade to all aluminum alloy integrated molding, more reasonable structure, more reliable strength, higher machining accuracy, 4 groups of increased V-shaped bearings, so that the operation is more stable.<\/p>\n<h3><span style=\"color: #ffcc00;\">Nylon tow chain<\/span><\/h3>\n<p>Industrial grade high strength nylon material, high and low temperature resistance, stable performance and long life, the pipeline placed in its effectively prevent damage and beautiful.<\/p>\n<h3><span style=\"color: #ffcc00;\">Wide track<\/span><\/h3>\n<p>High strength aluminum alloy molding, wear resistance is not easy to deformation long life, 7 grade precision rack, plated hard Luo optical shaft to ensure smooth operation and accuracy, double longitudinal rail gantry type transverse cutting up to 3 meters.<\/p>\n<h3><span style=\"color: #ffcc00;\">Limit lift<\/span><\/h3>\n<p>A new generation of screw lifting body, increase the upper and lower limit switch, avoid operation error damage lifting motor, plus cover protection, cutting gun jack,The Angle of the cutting gun fixture can be adjusted for straight groove cutting.<\/p>\n<h2><span style=\"color: #ffcc00;\">Portable Gantry Plasma Cutting Machine Product features:<\/span><\/h2>\n<p>Using Starte control system, programmable cutting line and arc structure of arbitrary complex plane graphics, high efficiency, low cost.<\/p>\n<p>Personalized man-machine interface, powerful automatic programming nesting software, can directly read AUTO CAD format files, and into cutting procedures.<\/p>\n<p>Compact structure, beautiful appearance, light weight, easy to move. Manual, automatic cutting, and stable motion, high cutting precision.<\/p>\n<p>The cutting machine XY axis are made of high strength aviation aluminum, high precision, no deformation, beautiful and generous. Driven by 450A motor, with large torque and sufficient speed.<\/p>\n<p>Standard model (cutting range) : A, 2230:2200X3000mm; B, 2260:2200X6000mm<\/p>\n<p>Customizable models: C, 1500X3000\/6000\/12000mm D, 3000X3000\/6000mm<\/p>\n<p>Select beam length according to customer demand: 2230 type, 2260 type.<\/p>\n<p>The servo system and drive system required by the product can be adjusted according to your needs, highlighting the tailored, focusing on the cost performance, not overpaying<\/p>\n<p>Optional: Remote control, control distance of 30 meters, more convenient operation.<br \/>\nOptional: Plasma anti-collision gripper, when the cutting gun meets the steel plate will automatically stop, prevent the cutting gun crash, save cost.<br \/>\nOptional: Automatic flame igniter, avoid burning hands when using a lighter to ensure stability.<br \/>\nCan be equipped with a variety of power plasma power supply, such as 100A,130A 200A, etc., to achieve plasma cutting. Plasma cutting speed is 3-5 times of flame cutting speed, improve production efficiency.<\/p>\n<h2><span style=\"color: #ffcc00;\">Application industry<\/span><\/h2>\n<p>Portable Gantry Plasma Cutting Machine can cut iron plate, galvanized plate, stainless steel, titanium plate, low carbon steel, aluminum plate and other materials, widely used in shipbuilding, air duct, iron art, stove, automobile, agricultural machinery, plate blanking, pressure vessels, iron tower, railway, aviation and many other industries.<\/p>\n<h2><span style=\"color: #ffcc00;\">Portable Gantry Plasma Cutting Machine Cutting product display<\/span><\/h2>\n<p><img fetchpriority=\"high\" decoding=\"async\" class=\"aligncenter wp-image-6001 size-full\" src=\"https:\/\/www.metalcutmachine.com\/wp-content\/uploads\/2023\/04\/1-200I01A305938.jpg\" alt=\"Cutting product display\" width=\"600\" height=\"308\" srcset=\"https:\/\/www.metalcutmachine.com\/wp-content\/uploads\/2023\/04\/1-200I01A305938.jpg 600w, https:\/\/www.metalcutmachine.com\/wp-content\/uploads\/2023\/04\/1-200I01A305938-300x154.jpg 300w\" sizes=\"(max-width: 600px) 100vw, 600px\" \/><\/p>","protected":false},"excerpt":{"rendered":"<p>Portable Gantry Plasma Cutting Machine has the advantages of portable and gantry cutting machine, compared with portable cutting width range is larger, cutting operation is more convenient, and compared with gantry cutting machine is more flexible, good cutting quality, small size error, suitable for cutting size and thickness of metal products without much demand.<\/p>","protected":false},"featured_media":6000,"comment_status":"open","ping_status":"closed","template":"","meta":{"site-sidebar-layout":"default","site-content-layout":"default","ast-site-content-layout":"default","site-content-style":"default","site-sidebar-style":"default","ast-global-header-display":"","ast-banner-title-visibility":"","ast-main-header-display":"","ast-hfb-above-header-display":"","ast-hfb-below-header-display":"","ast-hfb-mobile-header-display":"","site-post-title":"","ast-breadcrumbs-content":"","ast-featured-img":"","footer-sml-layout":"","theme-transparent-header-meta":"default","adv-header-id-meta":"","stick-header-meta":"","header-above-stick-meta":"","header-main-stick-meta":"","header-below-stick-meta":"","astra-migrate-meta-layouts":"default","ast-page-background-enabled":"default","ast-page-background-meta":{"desktop":{"background-color":"var(--ast-global-color-4)","background-image":"","background-repeat":"repeat","background-position":"center center","background-size":"auto","background-attachment":"scroll","background-type":"","background-media":"","overlay-type":"","overlay-color":"","overlay-opacity":"","overlay-gradient":""},"tablet":{"background-color":"","background-image":"","background-repeat":"repeat","background-position":"center center","background-size":"auto","background-attachment":"scroll","background-type":"","background-media":"","overlay-type":"","overlay-color":"","overlay-opacity":"","overlay-gradient":""},"mobile":{"background-color":"","background-image":"","background-repeat":"repeat","background-position":"center center","background-size":"auto","background-attachment":"scroll","background-type":"","background-media":"","overlay-type":"","overlay-color":"","overlay-opacity":"","overlay-gradient":""}},"ast-content-background-meta":{"desktop":{"background-color":"var(--ast-global-color-5)","background-image":"","background-repeat":"repeat","background-position":"center center","background-size":"auto","background-attachment":"scroll","background-type":"","background-media":"","overlay-type":"","overlay-color":"","overlay-opacity":"","overlay-gradient":""},"tablet":{"background-color":"var(--ast-global-color-5)","background-image":"","background-repeat":"repeat","background-position":"center center","background-size":"auto","background-attachment":"scroll","background-type":"","background-media":"","overlay-type":"","overlay-color":"","overlay-opacity":"","overlay-gradient":""},"mobile":{"background-color":"var(--ast-global-color-5)","background-image":"","background-repeat":"repeat","background-position":"center center","background-size":"auto","background-attachment":"scroll","background-type":"","background-media":"","overlay-type":"","overlay-color":"","overlay-opacity":"","overlay-gradient":""}}},"product_brand":[],"product_cat":[55],"product_tag":[77,79,78],"class_list":{"0":"post-5995","1":"product","2":"type-product","3":"status-publish","4":"has-post-thumbnail","6":"product_cat-plasma-cutting-machine","7":"product_tag-cutting-machine","8":"product_tag-gantry-cutting-machine","9":"product_tag-plasma-cutting-machine","10":"desktop-align-left","11":"tablet-align-left","12":"mobile-align-left","14":"first","15":"instock","16":"shipping-taxable","17":"product-type-simple"},"yoast_head":"<!-- This site is optimized with the Yoast SEO plugin v27.5 - https:\/\/yoast.com\/product\/yoast-seo-wordpress\/ -->\n<title>Portable Gantry Plasma Cutting Machine - JIUYING HEAVY MACHINE CO,LTD<\/title>\n<meta name=\"description\" content=\"Portable gantry CNC plasma cutting machine has the advantages of portable and gantry cutting machine, compared with portable cutting width range is larger\" \/>\n<meta name=\"robots\" content=\"index, follow, max-snippet:-1, max-image-preview:large, max-video-preview:-1\" \/>\n<link rel=\"canonical\" href=\"https:\/\/www.metalcutmachine.com\/es\/product\/portable-gantry-plasma-cutting-machine\/\" \/>\n<meta property=\"og:locale\" content=\"es_ES\" \/>\n<meta property=\"og:type\" content=\"article\" \/>\n<meta property=\"og:title\" content=\"Portable Gantry Plasma Cutting Machine - JIUYING HEAVY MACHINE CO,LTD\" \/>\n<meta property=\"og:description\" content=\"Portable gantry CNC plasma cutting machine has the advantages of portable and gantry cutting machine, compared with portable cutting width range is larger\" \/>\n<meta property=\"og:url\" content=\"https:\/\/www.metalcutmachine.com\/es\/product\/portable-gantry-plasma-cutting-machine\/\" \/>\n<meta property=\"og:site_name\" content=\"JIUYING HEAVY MACHINE CO,LTD\" \/>\n<meta property=\"article:publisher\" content=\"https:\/\/www.facebook.com\/liu.david.33886\" \/>\n<meta property=\"article:modified_time\" content=\"2023-08-22T07:23:36+00:00\" \/>\n<meta property=\"og:image\" content=\"https:\/\/www.metalcutmachine.com\/wp-content\/uploads\/2023\/04\/1-200R4093300216.jpg\" \/>\n\t<meta property=\"og:image:width\" content=\"600\" \/>\n\t<meta property=\"og:image:height\" content=\"600\" \/>\n\t<meta property=\"og:image:type\" content=\"image\/jpeg\" \/>\n<meta name=\"twitter:card\" content=\"summary_large_image\" \/>\n<meta name=\"twitter:label1\" content=\"Est. reading time\" \/>\n\t<meta name=\"twitter:data1\" content=\"4 minutos\" \/>\n<script type=\"application\/ld+json\" class=\"yoast-schema-graph\">{\"@context\":\"https:\\\/\\\/schema.org\",\"@graph\":[{\"@type\":\"WebPage\",\"@id\":\"https:\\\/\\\/www.metalcutmachine.com\\\/product\\\/portable-gantry-plasma-cutting-machine\\\/\",\"url\":\"https:\\\/\\\/www.metalcutmachine.com\\\/product\\\/portable-gantry-plasma-cutting-machine\\\/\",\"name\":\"Portable Gantry Plasma Cutting Machine - JIUYING HEAVY MACHINE CO,LTD\",\"isPartOf\":{\"@id\":\"https:\\\/\\\/www.metalcutmachine.com\\\/#website\"},\"primaryImageOfPage\":{\"@id\":\"https:\\\/\\\/www.metalcutmachine.com\\\/product\\\/portable-gantry-plasma-cutting-machine\\\/#primaryimage\"},\"image\":{\"@id\":\"https:\\\/\\\/www.metalcutmachine.com\\\/product\\\/portable-gantry-plasma-cutting-machine\\\/#primaryimage\"},\"thumbnailUrl\":\"https:\\\/\\\/www.metalcutmachine.com\\\/wp-content\\\/uploads\\\/2023\\\/04\\\/1-200R4093300216.jpg\",\"datePublished\":\"2023-04-27T08:34:45+00:00\",\"dateModified\":\"2023-08-22T07:23:36+00:00\",\"description\":\"Portable gantry CNC plasma cutting machine has the advantages of portable and gantry cutting machine, compared with portable cutting width range is larger\",\"breadcrumb\":{\"@id\":\"https:\\\/\\\/www.metalcutmachine.com\\\/product\\\/portable-gantry-plasma-cutting-machine\\\/#breadcrumb\"},\"inLanguage\":\"es-PE\",\"potentialAction\":[{\"@type\":\"ReadAction\",\"target\":[\"https:\\\/\\\/www.metalcutmachine.com\\\/product\\\/portable-gantry-plasma-cutting-machine\\\/\"]}]},{\"@type\":\"ImageObject\",\"inLanguage\":\"es-PE\",\"@id\":\"https:\\\/\\\/www.metalcutmachine.com\\\/product\\\/portable-gantry-plasma-cutting-machine\\\/#primaryimage\",\"url\":\"https:\\\/\\\/www.metalcutmachine.com\\\/wp-content\\\/uploads\\\/2023\\\/04\\\/1-200R4093300216.jpg\",\"contentUrl\":\"https:\\\/\\\/www.metalcutmachine.com\\\/wp-content\\\/uploads\\\/2023\\\/04\\\/1-200R4093300216.jpg\",\"width\":600,\"height\":600,\"caption\":\"ortable gantry CNC plasma cutting machine\"},{\"@type\":\"BreadcrumbList\",\"@id\":\"https:\\\/\\\/www.metalcutmachine.com\\\/product\\\/portable-gantry-plasma-cutting-machine\\\/#breadcrumb\",\"itemListElement\":[{\"@type\":\"ListItem\",\"position\":1,\"name\":\"\u9996\u9875\",\"item\":\"https:\\\/\\\/www.metalcutmachine.com\\\/\"},{\"@type\":\"ListItem\",\"position\":2,\"name\":\"Product\",\"item\":\"https:\\\/\\\/www.metalcutmachine.com\\\/product\\\/\"},{\"@type\":\"ListItem\",\"position\":3,\"name\":\"Portable Gantry Plasma Cutting Machine\"}]},{\"@type\":\"WebSite\",\"@id\":\"https:\\\/\\\/www.metalcutmachine.com\\\/#website\",\"url\":\"https:\\\/\\\/www.metalcutmachine.com\\\/\",\"name\":\"J&Y Heavy Machine\",\"description\":\"Metal cutting machine supplier\",\"publisher\":{\"@id\":\"https:\\\/\\\/www.metalcutmachine.com\\\/#organization\"},\"potentialAction\":[{\"@type\":\"SearchAction\",\"target\":{\"@type\":\"EntryPoint\",\"urlTemplate\":\"https:\\\/\\\/www.metalcutmachine.com\\\/?s={search_term_string}\"},\"query-input\":{\"@type\":\"PropertyValueSpecification\",\"valueRequired\":true,\"valueName\":\"search_term_string\"}}],\"inLanguage\":\"es-PE\"},{\"@type\":\"Organization\",\"@id\":\"https:\\\/\\\/www.metalcutmachine.com\\\/#organization\",\"name\":\"JIUYING HEAVY MACHINE CO,LTD\",\"url\":\"https:\\\/\\\/www.metalcutmachine.com\\\/\",\"logo\":{\"@type\":\"ImageObject\",\"inLanguage\":\"es-PE\",\"@id\":\"https:\\\/\\\/www.metalcutmachine.com\\\/#\\\/schema\\\/logo\\\/image\\\/\",\"url\":\"https:\\\/\\\/www.metalcutmachine.com\\\/wp-content\\\/uploads\\\/2023\\\/04\\\/\u5207\u5272\u673a180-79.png\",\"contentUrl\":\"https:\\\/\\\/www.metalcutmachine.com\\\/wp-content\\\/uploads\\\/2023\\\/04\\\/\u5207\u5272\u673a180-79.png\",\"width\":180,\"height\":79,\"caption\":\"JIUYING HEAVY MACHINE CO,LTD\"},\"image\":{\"@id\":\"https:\\\/\\\/www.metalcutmachine.com\\\/#\\\/schema\\\/logo\\\/image\\\/\"},\"sameAs\":[\"https:\\\/\\\/www.facebook.com\\\/liu.david.33886\"]}]}<\/script>\n<!-- \/ Yoast SEO plugin. -->","yoast_head_json":{"title":"Portable Gantry Plasma Cutting Machine - JIUYING HEAVY MACHINE CO,LTD","description":"Portable gantry CNC plasma cutting machine has the advantages of portable and gantry cutting machine, compared with portable cutting width range is larger","robots":{"index":"index","follow":"follow","max-snippet":"max-snippet:-1","max-image-preview":"max-image-preview:large","max-video-preview":"max-video-preview:-1"},"canonical":"https:\/\/www.metalcutmachine.com\/es\/product\/portable-gantry-plasma-cutting-machine\/","og_locale":"es_ES","og_type":"article","og_title":"Portable Gantry Plasma Cutting Machine - JIUYING HEAVY MACHINE CO,LTD","og_description":"Portable gantry CNC plasma cutting machine has the advantages of portable and gantry cutting machine, compared with portable cutting width range is larger","og_url":"https:\/\/www.metalcutmachine.com\/es\/product\/portable-gantry-plasma-cutting-machine\/","og_site_name":"JIUYING HEAVY MACHINE CO,LTD","article_publisher":"https:\/\/www.facebook.com\/liu.david.33886","article_modified_time":"2023-08-22T07:23:36+00:00","og_image":[{"width":600,"height":600,"url":"https:\/\/www.metalcutmachine.com\/wp-content\/uploads\/2023\/04\/1-200R4093300216.jpg","type":"image\/jpeg"}],"twitter_card":"summary_large_image","twitter_misc":{"Est. reading time":"4 minutos"},"schema":{"@context":"https:\/\/schema.org","@graph":[{"@type":"WebPage","@id":"https:\/\/www.metalcutmachine.com\/product\/portable-gantry-plasma-cutting-machine\/","url":"https:\/\/www.metalcutmachine.com\/product\/portable-gantry-plasma-cutting-machine\/","name":"Portable Gantry Plasma Cutting Machine - JIUYING HEAVY MACHINE CO,LTD","isPartOf":{"@id":"https:\/\/www.metalcutmachine.com\/#website"},"primaryImageOfPage":{"@id":"https:\/\/www.metalcutmachine.com\/product\/portable-gantry-plasma-cutting-machine\/#primaryimage"},"image":{"@id":"https:\/\/www.metalcutmachine.com\/product\/portable-gantry-plasma-cutting-machine\/#primaryimage"},"thumbnailUrl":"https:\/\/www.metalcutmachine.com\/wp-content\/uploads\/2023\/04\/1-200R4093300216.jpg","datePublished":"2023-04-27T08:34:45+00:00","dateModified":"2023-08-22T07:23:36+00:00","description":"Portable gantry CNC plasma cutting machine has the advantages of portable and gantry cutting machine, compared with portable cutting width range is larger","breadcrumb":{"@id":"https:\/\/www.metalcutmachine.com\/product\/portable-gantry-plasma-cutting-machine\/#breadcrumb"},"inLanguage":"es-PE","potentialAction":[{"@type":"ReadAction","target":["https:\/\/www.metalcutmachine.com\/product\/portable-gantry-plasma-cutting-machine\/"]}]},{"@type":"ImageObject","inLanguage":"es-PE","@id":"https:\/\/www.metalcutmachine.com\/product\/portable-gantry-plasma-cutting-machine\/#primaryimage","url":"https:\/\/www.metalcutmachine.com\/wp-content\/uploads\/2023\/04\/1-200R4093300216.jpg","contentUrl":"https:\/\/www.metalcutmachine.com\/wp-content\/uploads\/2023\/04\/1-200R4093300216.jpg","width":600,"height":600,"caption":"ortable gantry CNC plasma cutting machine"},{"@type":"BreadcrumbList","@id":"https:\/\/www.metalcutmachine.com\/product\/portable-gantry-plasma-cutting-machine\/#breadcrumb","itemListElement":[{"@type":"ListItem","position":1,"name":"\u9996\u9875","item":"https:\/\/www.metalcutmachine.com\/"},{"@type":"ListItem","position":2,"name":"Product","item":"https:\/\/www.metalcutmachine.com\/product\/"},{"@type":"ListItem","position":3,"name":"Portable Gantry Plasma Cutting Machine"}]},{"@type":"WebSite","@id":"https:\/\/www.metalcutmachine.com\/#website","url":"https:\/\/www.metalcutmachine.com\/","name":"J&Y Heavy Machine","description":"Metal cutting machine supplier","publisher":{"@id":"https:\/\/www.metalcutmachine.com\/#organization"},"potentialAction":[{"@type":"SearchAction","target":{"@type":"EntryPoint","urlTemplate":"https:\/\/www.metalcutmachine.com\/?s={search_term_string}"},"query-input":{"@type":"PropertyValueSpecification","valueRequired":true,"valueName":"search_term_string"}}],"inLanguage":"es-PE"},{"@type":"Organization","@id":"https:\/\/www.metalcutmachine.com\/#organization","name":"JIUYING HEAVY MACHINE CO,LTD","url":"https:\/\/www.metalcutmachine.com\/","logo":{"@type":"ImageObject","inLanguage":"es-PE","@id":"https:\/\/www.metalcutmachine.com\/#\/schema\/logo\/image\/","url":"https:\/\/www.metalcutmachine.com\/wp-content\/uploads\/2023\/04\/\u5207\u5272\u673a180-79.png","contentUrl":"https:\/\/www.metalcutmachine.com\/wp-content\/uploads\/2023\/04\/\u5207\u5272\u673a180-79.png","width":180,"height":79,"caption":"JIUYING HEAVY MACHINE CO,LTD"},"image":{"@id":"https:\/\/www.metalcutmachine.com\/#\/schema\/logo\/image\/"},"sameAs":["https:\/\/www.facebook.com\/liu.david.33886"]}]}},"_links":{"self":[{"href":"https:\/\/www.metalcutmachine.com\/es\/wp-json\/wp\/v2\/product\/5995","targetHints":{"allow":["GET"]}}],"collection":[{"href":"https:\/\/www.metalcutmachine.com\/es\/wp-json\/wp\/v2\/product"}],"about":[{"href":"https:\/\/www.metalcutmachine.com\/es\/wp-json\/wp\/v2\/types\/product"}],"replies":[{"embeddable":true,"href":"https:\/\/www.metalcutmachine.com\/es\/wp-json\/wp\/v2\/comments?post=5995"}],"wp:featuredmedia":[{"embeddable":true,"href":"https:\/\/www.metalcutmachine.com\/es\/wp-json\/wp\/v2\/media\/6000"}],"wp:attachment":[{"href":"https:\/\/www.metalcutmachine.com\/es\/wp-json\/wp\/v2\/media?parent=5995"}],"wp:term":[{"taxonomy":"product_brand","embeddable":true,"href":"https:\/\/www.metalcutmachine.com\/es\/wp-json\/wp\/v2\/product_brand?post=5995"},{"taxonomy":"product_cat","embeddable":true,"href":"https:\/\/www.metalcutmachine.com\/es\/wp-json\/wp\/v2\/product_cat?post=5995"},{"taxonomy":"product_tag","embeddable":true,"href":"https:\/\/www.metalcutmachine.com\/es\/wp-json\/wp\/v2\/product_tag?post=5995"}],"curies":[{"name":"wp","href":"https:\/\/api.w.org\/{rel}","templated":true}]}}